{"id":3,"date":"2020-10-14T15:11:58","date_gmt":"2020-10-14T13:11:58","guid":{"rendered":"http:\/\/www.lr-business-support.com\/?page_id=3"},"modified":"2020-11-02T09:56:06","modified_gmt":"2020-11-02T08:56:06","slug":"mentions-legales","status":"publish","type":"page","link":"https:\/\/www.lr-business-support.com\/en\/mentions-legales\/","title":{"rendered":"Politique de confidentialit\u00e9"},"content":{"rendered":"<div data-elementor-type=\"wp-page\" data-elementor-id=\"3\" class=\"elementor elementor-3\">\n\t\t\t\t\t\t<div class=\"elementor-inner\">\n\t\t\t\t<div class=\"elementor-section-wrap\">\n\t\t\t\t\t\t\t\t\t<section class=\"elementor-section elementor-top-section elementor-element elementor-element-702b2f74 elementor-section-boxed elementor-section-height-default elementor-section-height-default\" data-id=\"702b2f74\" data-element_type=\"section\">\n\t\t\t\t\t\t<div class=\"elementor-container elementor-column-gap-default\">\n\t\t\t\t\t\t\t<div class=\"elementor-row\">\n\t\t\t\t\t<div class=\"elementor-column elementor-col-100 elementor-top-column elementor-element elementor-element-2c701247\" data-id=\"2c701247\" data-element_type=\"column\">\n\t\t\t<div class=\"elementor-column-wrap elementor-element-populated\">\n\t\t\t\t\t\t\t<div class=\"elementor-widget-wrap\">\n\t\t\t\t\t\t<div class=\"elementor-element elementor-element-50fc5c2 elementor-widget elementor-widget-heading\" data-id=\"50fc5c2\" data-element_type=\"widget\" data-widget_type=\"heading.default\">\n\t\t\t\t<div class=\"elementor-widget-container\">\n\t\t\t<h2 class=\"elementor-heading-title elementor-size-default\"><a href=\"https:\/\/www.lr-business-support.com\/en\/\">LR Bussiness Support<\/a><\/h2>\t\t<\/div>\n\t\t\t\t<\/div>\n\t\t\t\t<div class=\"elementor-element elementor-element-3e99ad3f elementor-widget elementor-widget-text-editor\" data-id=\"3e99ad3f\" data-element_type=\"widget\" data-widget_type=\"text-editor.default\">\n\t\t\t\t<div class=\"elementor-widget-container\">\n\t\t\t\t\t\t\t\t<div class=\"elementor-text-editor elementor-clearfix\">\n\t\t\t\t<p><!-- wp:heading --><\/p>\n<h1>MENTIONS LEGALES<\/h1>\n<div>\u00a0<\/div>\n<p>En vigueur au <strong>15\/10\/2020<\/strong>.<\/p>\n<p>Conforme\u0301ment aux dispositions des Articles 6-III et 19 de la Loi n\u00b02004-575 du 21 juin 2004 pour la Confiance dans l\u2019e\u0301conomie nume\u0301rique, dite L.C.E.N., il est porte\u0301 a\u0300 la connaissance des utilisateurs du site <strong>https:\/\/www.lr-business-support.com<\/strong> les pr\u00e9sentes mentions le\u0301gales.<\/p>\n<p>La connexion et la navigation sur le site <strong>https:\/\/www.lr-business-support.com<\/strong> par l\u2019utilisateur implique acceptation inte\u0301grale et sans re\u0301serve des pre\u0301sentes mentions le\u0301gales. Ces dernie\u0300res sont accessibles sur le site a\u0300 la rubrique \u00ab Mentions le\u0301gales \u00bb.<\/p>\n<h2>ARTICLE 1 : SOCIETE<\/h2>\n<p><strong>LR Business Support<\/strong>, Soci\u00e9t\u00e9 par actions simplifi\u00e9e au capital social de <strong>16 000 \u20ac<\/strong>, dont le sie\u0300ge social est situ\u00e9 au <strong>15 rue de la grande paroisse 77670 Vernou la celle sur seine<\/strong><br \/>T\u00e9l\u00e9phone : +<strong>33 (0)1 80 81 52 90 <\/strong><br \/>Num\u00e9ro d\u2019inscription RCS : <strong>821\u00a0536\u00a0356 00016<\/strong><br \/>Num\u00e9ro de TVA intracommunautaire : <strong>FR03821536356<\/strong><\/p>\n<p>Responsable de la publication : <strong>Rachida LEFEBVRE<\/strong><\/p>\n<h2>ARTICLE 2 : L\u2019HE\u0301BERGEUR<\/h2>\n<p>L&rsquo;he\u0301bergeur du site <strong>https:\/\/www.lr-business-support.com<\/strong> est la Socie\u0301te\u0301 OVH, dont le sie\u0300ge social est situe\u0301 au 2 rue Kellermann 59 100 Roubaix France.<br \/>T\u00e9l\u00e9phone : +33 (0)8 99 70 17 61<br \/>Fax : +33 (0)3 20 20 09 58<\/p>\n<h2>ARTICLE 3 : ACCE\u0300S AU SITE<\/h2>\n<p><br \/>Le site est accessible par tout endroit, 7j\/7, 24h\/24 sauf cas de force majeure, interruption programme\u0301e ou non et pouvant de\u0301couler d\u2019une ne\u0301cessite\u0301 de maintenance. En cas de modification, interruption ou suspension des services le site www.lacasernechanzy.com ne saurait e\u0302tre tenu responsable.<\/p>\n<h2>ARTICLE 4 : COLLECTE DES DONNE\u0301ES<\/h2>\n<p>Le site est exempte\u0301 de de\u0301claration a\u0300 la Commission Nationale Informatique et Liberte\u0301s (CNIL) dans la mesure ou\u0300 il ne collecte aucune donne\u0301e concernant les utilisateurs.<br \/>Le site met \u00e0 disposition un formulaire de contact. Par son utilisation, l\u2019internaute accepte que le site <strong>https:\/\/www.lr-business-support.com<\/strong> transmette les donn\u00e9es pr\u00e9sentes dans ce formulaire.<\/p>\n<h2>ARTICLE 5 : COOKIES<\/h2>\n<p style=\"font-size: 15px; font-style: normal; font-weight: 400;\">Si vous d\u00e9posez un commentaire sur notre site, il vous sera propos\u00e9 d\u2019enregistrer votre nom, adresse de messagerie et site web dans des cookies. C\u2019est uniquement pour votre confort afin de ne pas avoir \u00e0 saisir ces informations si vous d\u00e9posez un autre commentaire plus tard. Ces cookies expirent au bout d\u2019un an.<\/p>\n<p style=\"font-size: 15px; font-style: normal; font-weight: 400;\">Si vous vous rendez sur la page de connexion, un cookie temporaire sera cr\u00e9\u00e9 afin de d\u00e9terminer si votre navigateur accepte les cookies. Il ne contient pas de donn\u00e9es personnelles et sera supprim\u00e9 automatiquement \u00e0 la fermeture de votre navigateur.<\/p>\n<p style=\"font-size: 15px; font-style: normal; font-weight: 400;\">Lorsque vous vous connecterez, nous mettrons en place un certain nombre de cookies pour enregistrer vos informations de connexion et vos pr\u00e9f\u00e9rences d\u2019\u00e9cran. La dur\u00e9e de vie d\u2019un cookie de connexion est de deux jours, celle d\u2019un cookie d\u2019option d\u2019\u00e9cran est d\u2019un an. Si vous cochez \u00abcompris \u00bb, votre cookie de connexion sera conserv\u00e9 pendant deux semaines. Si vous vous d\u00e9connectez de votre compte, le cookie de connexion sera effac\u00e9.<\/p>\n<p style=\"font-size: 15px; font-style: normal; font-weight: 400;\">En modifiant ou en publiant une publication, un cookie suppl\u00e9mentaire sera enregistr\u00e9 dans votre navigateur. Ce cookie ne comprend aucune donn\u00e9e personnelle. Il indique simplement l\u2019ID de la publication que vous venez de modifier. Il expire au bout d\u2019un jour.<\/p>\n<p>L\u2019utilisateur est informe\u0301 que lors de ses visites sur le site, un cookie peut s\u2019installer automatiquement sur son logiciel de navigation. En naviguant sur le site, il l&rsquo;accepte. Un cookie est un e\u0301le\u0301ment qui ne permet pas d\u2019identifier l\u2019utilisateur, mais sert a\u0300 enregistrer des informations relatives a\u0300 la navigation de celui-ci sur le site Internet. L\u2019utilisateur pourra de\u0301sactiver ce cookie par l\u2019interme\u0301diaire des parame\u0300tres figurant au sein de son logiciel de navigation.<\/p>\n<h2>ARTICLE 6 : PROPRIE\u0301TE\u0301 INTELLECTUELLE<\/h2>\n<p>Toute utilisation, reproduction, diffusion, commercialisation, modification de toute ou partie du site <strong>https:\/\/www.lr-business-support.com<\/strong>, sans autorisation de l\u2019Editeur est prohibe\u0301e et pourra entrai\u0302ner des actions et poursuites judiciaires telles que notamment pre\u0301vues par le Code de la proprie\u0301te\u0301 intellectuelle et le Code civil.<\/p>\n<h2>ARTICLE 7: RE\u0301ALISATION<\/h2>\n<p>La r\u00e9alisation du site <strong>https:\/\/www.lr-business-support.com<\/strong> est assure\u0301e par Baptiste VERINE, domicilie\u0301 au 17 Rue des Lombards 75 004 Paris France et Alexis Capelier Qui sommes-nous\u00a0?<\/p>\n<p><!-- \/wp:heading --><!-- wp:paragraph --><\/p>\n<p>L\u2019adresse de notre site Web est\u00a0: http:\/\/www.lr-business-support.com.<\/p>\n<p><!-- \/wp:heading --><\/p>\t\t\t\t\t<\/div>\n\t\t\t\t\t\t<\/div>\n\t\t\t\t<\/div>\n\t\t\t\t<div class=\"elementor-element elementor-element-c8d3e19 elementor-widget elementor-widget-heading\" data-id=\"c8d3e19\" data-element_type=\"widget\" data-widget_type=\"heading.default\">\n\t\t\t\t<div class=\"elementor-widget-container\">\n\t\t\t<h2 class=\"elementor-heading-title elementor-size-default\"><a href=\"https:\/\/www.lr-business-support.com\/en\/\">LR Bussiness Support<\/a><\/h2>\t\t<\/div>\n\t\t\t\t<\/div>\n\t\t\t\t\t\t<\/div>\n\t\t\t\t\t<\/div>\n\t\t<\/div>\n\t\t\t\t\t\t\t\t<\/div>\n\t\t\t\t\t<\/div>\n\t\t<\/section>\n\t\t\t\t\t\t\t\t\t<\/div>\n\t\t\t<\/div>\n\t\t\t\t\t<\/div>","protected":false},"excerpt":{"rendered":"<p>LR Bussiness Support MENTIONS LEGALES \u00a0 En vigueur au 15\/10\/2020. Conforme\u0301ment aux dispositions des Articles 6-III et 19 de la Loi n\u00b02004-575 du 21 juin 2004 pour la Confiance dans l\u2019e\u0301conomie nume\u0301rique, dite L.C.E.N., il est porte\u0301 a\u0300 la connaissance des utilisateurs du site https:\/\/www.lr-business-support.com les pr\u00e9sentes mentions le\u0301gales. La connexion et la navigation sur &hellip;<\/p>\n<p class=\"read-more\"> <a class=\"\" href=\"https:\/\/www.lr-business-support.com\/en\/mentions-legales\/\"> <span class=\"screen-reader-text\">Politique de confidentialit\u00e9<\/span> Read More &raquo;<\/a><\/p>","protected":false},"author":1,"featured_media":0,"parent":0,"menu_order":0,"comment_status":"closed","ping_status":"open","template":"elementor_header_footer","meta":{"site-sidebar-layout":"no-sidebar","site-content-layout":"content-boxed-container","ast-global-header-display":"","ast-main-header-display":"disabled","ast-hfb-above-header-display":"","ast-hfb-below-header-display":"","ast-hfb-mobile-header-display":"","site-post-title":"","ast-breadcrumbs-content":"","ast-featured-img":"","footer-sml-layout":"disabled","theme-transparent-header-meta":"default","adv-header-id-meta":"","stick-header-meta":"","header-above-stick-meta":"","header-main-stick-meta":"","header-below-stick-meta":""},"_links":{"self":[{"href":"https:\/\/www.lr-business-support.com\/en\/wp-json\/wp\/v2\/pages\/3"}],"collection":[{"href":"https:\/\/www.lr-business-support.com\/en\/wp-json\/wp\/v2\/pages"}],"about":[{"href":"https:\/\/www.lr-business-support.com\/en\/wp-json\/wp\/v2\/types\/page"}],"author":[{"embeddable":true,"href":"https:\/\/www.lr-business-support.com\/en\/wp-json\/wp\/v2\/users\/1"}],"replies":[{"embeddable":true,"href":"https:\/\/www.lr-business-support.com\/en\/wp-json\/wp\/v2\/comments?post=3"}],"version-history":[{"count":9,"href":"https:\/\/www.lr-business-support.com\/en\/wp-json\/wp\/v2\/pages\/3\/revisions"}],"predecessor-version":[{"id":442,"href":"https:\/\/www.lr-business-support.com\/en\/wp-json\/wp\/v2\/pages\/3\/revisions\/442"}],"wp:attachment":[{"href":"https:\/\/www.lr-business-support.com\/en\/wp-json\/wp\/v2\/media?parent=3"}],"curies":[{"name":"wp","href":"https:\/\/api.w.org\/{rel}","templated":true}]}}